{"id":1360,"date":"2015-09-18T09:48:28","date_gmt":"2015-09-18T09:48:28","guid":{"rendered":"https:\/\/motors.stylemixthemes.com\/demo\/?page_id=5"},"modified":"2026-03-11T09:12:02","modified_gmt":"2026-03-11T08:12:02","slug":"groppetti-camper","status":"publish","type":"page","link":"https:\/\/www.groppetti.net\/camper\/2\/","title":{"rendered":"Front page"},"content":{"rendered":"<div class=\"wpb-content-wrapper\"><p>[vc_row css=&#8221;.vc_custom_1767001410669{margin-bottom: 0px !important;border-bottom-width: 0px !important;padding-bottom: 0px !important;}&#8221; el_class=&#8221;stm-slider-nice-height&#8221;][vc_column css=&#8221;.vc_custom_1770107631585{margin-bottom: 0px !important;border-bottom-width: 0px !important;padding-bottom: 0px !important;}&#8221;][rev_slider_vc alias=&#8221;slide-pc2-1&#8243;][\/vc_column][\/vc_row][vc_section css=&#8221;.vc_custom_1767610779450{margin-top: -120px !important;border-top-width: 0px !important;padding-top: 0px !important;}&#8221;][vc_row][vc_column offset=&#8221;vc_hidden-lg vc_hidden-md&#8221;][vc_empty_space height=&#8221;250px&#8221;][\/vc_column][\/vc_row][vc_row css=&#8221;.vc_custom_1770104574436{margin-top: 0px !important;border-top-width: 0px !important;padding-top: 0px !important;}&#8221;][vc_column offset=&#8221;vc_hidden-sm vc_hidden-xs&#8221;][vc_raw_html css=&#8221;.vc_custom_1767002056510{margin-top: -30px !important;margin-right: 56px !important;margin-bottom: 0px !important;margin-left: 55px !important;border-top-width: 0px !important;border-bottom-width: 0px !important;padding-top: -45px !important;padding-bottom: 0px !important;}&#8221;]JTVCdDRiLXRpY2tlciU1RA==[\/vc_raw_html][\/vc_column][\/vc_row][\/vc_section][vc_row full_width=&#8221;stretch_row&#8221; gap=&#8221;35&#8243; content_placement=&#8221;middle&#8221; css=&#8221;.vc_custom_1767001962026{margin-top: -110px !important;margin-right: 40px !important;margin-left: 40px !important;padding-top: 0px !important;}&#8221;][vc_column width=&#8221;1\/4&#8243; offset=&#8221;vc_hidden-sm vc_hidden-xs&#8221;][vc_single_image image=&#8221;1673&#8243; img_size=&#8221;medium&#8221; alignment=&#8221;center&#8221; css=&#8221;&#8221;][\/vc_column][vc_column width=&#8221;3\/4&#8243; css=&#8221;.vc_custom_1770110477978{margin-top: -10px !important;margin-right: 0px !important;margin-left: 0px !important;border-top-width: 0px !important;border-right-width: 0px !important;border-left-width: 0px !important;padding-top: 0px !important;padding-right: 0px !important;padding-left: 0px !important;}&#8221; offset=&#8221;vc_hidden-sm vc_hidden-xs&#8221;][stm_icon_box css_icon=&#8221;.vc_custom_1767519528846{margin-top: 0px !important;margin-right: 5px !important;margin-left: 5px !important;border-top-width: 0px !important;border-right-width: 0px !important;border-left-width: 0px !important;padding-top: 0px !important;padding-right: 0px !important;padding-left: 0px !important;}&#8221; line_height=&#8221;18&#8243;]<\/p>\n<h2>Le migliori proposte per il <span style=\"color: #ff0000;\">Tempo Libero!<\/span><\/h2>\n<hr size=\"3\" \/>\n<p><strong><span style=\"color: #e60707;\">GROPPETTI<\/span>\u00a0<\/strong> \u00e8 Azienda Leader nel settore <span style=\"color: #e60707;\"><strong>CAMPER<\/strong> <\/span>e veicoli per il tempo libero. Un importante punto di riferimento per chi ama viaggiare e vivere comodamente i propri spazi di libert\u00e0\u00a0 senza mai trascurare il comfort pi\u00f9 elevato.<\/p>\n<p>Ci trovi a pochi minuti da <a href=\"https:\/\/www.groppetti.net\/camper\/2\/contatti\/\"><strong>Bergamo<\/strong><\/a> con un\u2019ampia esposizione di <strong>Camper<\/strong>, nuovi ed usati in pronta consegna ed un vasto reparto di accessori ricercatissimi.<\/p>\n<p>La struttura dispone di un\u2019attrezzata <strong>Officina<\/strong> ed un magazzino ricambi che consente di ridurre al minimo tempo possibile ogni intervento di assistenza e\/o manutenzione.<\/p>\n<p><span style=\"color: #e60707;\"><strong>GROPPETTI<\/strong><\/span> \u00e8 da sempre sinonimo di Professionalit\u00e0 , Cortesia ed Affidabilit\u00e0 .<\/p>\n<p>[\/stm_icon_box][\/vc_column][\/vc_row][vc_row full_width=&#8221;stretch_row&#8221; gap=&#8221;35&#8243; full_height=&#8221;yes&#8221; equal_height=&#8221;yes&#8221; content_placement=&#8221;middle&#8221; stm_fullwidth=&#8221;yes&#8221; css=&#8221;.vc_custom_1770109281129{margin-top: 0px !important;margin-right: 40px !important;margin-bottom: 15px !important;margin-left: 30px !important;border-top-width: 0px !important;padding-top: 0px !important;}&#8221;][vc_column css=&#8221;.vc_custom_1770109443138{margin-top: 0px !important;border-top-width: 0px !important;padding-top: 0px !important;background-color: #F4F0F000 !important;}&#8221;][stm_cars_on_top css=&#8221;.vc_custom_1770114271118{margin-top: -40px !important;border-top-width: 0px !important;padding-top: 0px !important;background-position: center !important;background-repeat: no-repeat !important;background-size: contain !important;}&#8221; on_top_numbers=&#8221;8&#8243;]<\/p>\n<hr \/>\n<h2 style=\"text-align: center;\"><span style=\"color: #3b3939;\">IN PRIMO PIANO<\/span><\/h2>\n<p>[\/stm_cars_on_top][\/vc_column][\/vc_row][vc_row full_width=&#8221;stretch_row&#8221; css=&#8221;.vc_custom_1769768231267{margin-top: 0px !important;margin-right: 50px !important;margin-bottom: 57px !important;margin-left: 40px !important;border-top-width: 0px !important;padding-top: 0px !important;}&#8221;][vc_column css=&#8221;.vc_custom_1770108694956{margin-bottom: 0px !important;border-bottom-width: 0px !important;padding-bottom: 0px !important;background-color: #CB0C0C00 !important;}&#8221;][stm_car_listing_tabbed top_part_bg=&#8221;#EB3305&#8243; tab_affix=&#8221;&#8221; found_cars_prefix=&#8221;veicoli&#8221; search_icon=&#8221;stm-icon-car_search&#8221; search_icon_color=&#8221;#000000&#8243; filter_columns_number=&#8221;4&#8243; filter_selected=&#8221;condition,make&#8221; call_to_action_icon=&#8221;stm-icon-question&#8221; call_to_action_icon_right=&#8221;stm-icon-phone2&#8243; call_to_action_text_color=&#8221;#ffffff&#8221; enable_ajax_loading=&#8221;true&#8221; taxonomy=&#8221;new-cars | condition, used-cars | condition, km-zero | condition,&#8221; per_page=&#8221;4&#8243; search_label=&#8221;Cerca&#8221; call_to_action_label=&#8221;Have a Questions? Call Today!&#8221; call_to_action_label_right=&#8221;878-9674-4455&#8243; css=&#8221;.vc_custom_1771668968196{margin-bottom: 0px !important;border-bottom-width: 0px !important;padding-bottom: 0px !important;}&#8221;]<\/p>\n<div class=\"title\">\n<h2><span style=\"color: #ffffff;\">Cerca tra tutte<\/span><span class=\"stm-base-color\" style=\"color: #333333;\"> le nostre Proposte<\/span><\/h2>\n<\/div>\n<p>[\/stm_car_listing_tabbed][vc_single_image image=&#8221;3863&#8243; img_size=&#8221;large&#8221; alignment=&#8221;center&#8221; onclick=&#8221;custom_link&#8221; css=&#8221;.vc_custom_1771055297481{margin-top: 25px !important;}&#8221; link=&#8221;https:\/\/www.groppetti.net\/camper\/2\/listings\/&#8221; title=&#8221;Cerca tra tutte le nostre Proposte&#8221;][\/vc_column][\/vc_row][vc_row full_width=&#8221;stretch_row&#8221; equal_height=&#8221;yes&#8221; content_placement=&#8221;middle&#8221; css=&#8221;.vc_custom_1770108619440{margin-top: 0px !important;margin-right: 0px !important;margin-bottom: 30px !important;margin-left: 0px !important;border-top-width: 0px !important;border-right-width: 0px !important;border-left-width: 0px !important;padding-top: 0px !important;}&#8221;][vc_column][vc_separator border_width=&#8221;2&#8243; css=&#8221;.vc_custom_1770110728487{margin-top: -25px !important;margin-bottom: 10px !important;border-top-width: 0px !important;border-bottom-width: 0px !important;padding-top: 0px !important;padding-bottom: 0px !important;}&#8221;][vc_column_text css=&#8221;.vc_custom_1770110550219{margin-top: 0px !important;margin-bottom: 35px !important;border-top-width: 0px !important;padding-top: 0px !important;}&#8221;]<\/p>\n<h3 style=\"text-align: center;\">Cerca per <span style=\"color: #e30010;\">MARCHIO<\/span><\/h3>\n<p>[\/vc_column_text][vc_separator border_width=&#8221;2&#8243; css=&#8221;.vc_custom_1770110728487{margin-top: -25px !important;margin-bottom: 10px !important;border-top-width: 0px !important;border-bottom-width: 0px !important;padding-top: 0px !important;padding-bottom: 0px !important;}&#8221;][\/vc_column][vc_column width=&#8221;1\/4&#8243;][vc_single_image image=&#8221;1795&#8243; img_size=&#8221;medium&#8221; alignment=&#8221;center&#8221; onclick=&#8221;custom_link&#8221; css=&#8221;&#8221; link=&#8221;https:\/\/www.groppetti.net\/camper\/2\/carthago\/&#8221;][vc_single_image image=&#8221;1814&#8243; img_size=&#8221;medium&#8221; alignment=&#8221;center&#8221; onclick=&#8221;custom_link&#8221; css=&#8221;&#8221; link=&#8221;https:\/\/www.groppetti.net\/camper\/2\/possl\/&#8221;][\/vc_column][vc_column width=&#8221;1\/4&#8243;][vc_single_image image=&#8221;1797&#8243; img_size=&#8221;medium&#8221; alignment=&#8221;center&#8221; onclick=&#8221;custom_link&#8221; css=&#8221;&#8221; link=&#8221;https:\/\/www.groppetti.net\/camper\/2\/burstner\/&#8221;][vc_single_image image=&#8221;1816&#8243; img_size=&#8221;medium&#8221; alignment=&#8221;center&#8221; onclick=&#8221;custom_link&#8221; css=&#8221;&#8221; link=&#8221;https:\/\/www.groppetti.net\/camper\/2\/rapido\/&#8221;][\/vc_column][vc_column width=&#8221;1\/4&#8243;][vc_single_image image=&#8221;1800&#8243; img_size=&#8221;medium&#8221; alignment=&#8221;center&#8221; onclick=&#8221;custom_link&#8221; css=&#8221;&#8221; link=&#8221;https:\/\/www.groppetti.net\/camper\/2\/dreamer\/&#8221;][vc_single_image image=&#8221;1818&#8243; img_size=&#8221;medium&#8221; alignment=&#8221;center&#8221; onclick=&#8221;custom_link&#8221; css=&#8221;&#8221; link=&#8221;https:\/\/www.groppetti.net\/camper\/2\/mobilvetta\/&#8221;][\/vc_column][vc_column width=&#8221;1\/4&#8243;][vc_single_image image=&#8221;1806&#8243; img_size=&#8221;medium&#8221; alignment=&#8221;center&#8221; onclick=&#8221;custom_link&#8221; css=&#8221;&#8221; link=&#8221;https:\/\/www.groppetti.net\/camper\/2\/malibu\/&#8221;][vc_single_image image=&#8221;1819&#8243; img_size=&#8221;medium&#8221; alignment=&#8221;center&#8221; onclick=&#8221;custom_link&#8221; css=&#8221;&#8221; link=&#8221;https:\/\/www.groppetti.net\/camper\/2\/mclouis\/&#8221;][\/vc_column][\/vc_row][vc_row full_width=&#8221;stretch_row_content&#8221; stm_fullwidth=&#8221;yes&#8221; blackout_opacity=&#8221;20&#8243; css=&#8221;.vc_custom_1763832406570{margin-bottom: 0px !important;padding-top: 137px !important;padding-bottom: 113px !important;background-image: url(https:\/\/www.groppetti.net\/camper\/2\/wp-content\/uploads\/2025\/11\/sfondo-home-iconbox.jpg?id=1705) !important;}&#8221; el_class=&#8221;stm-mt-icon-box-adaptive-style-one&#8221;][vc_column width=&#8221;1\/2&#8243; offset=&#8221;vc_col-lg-6&#8243; css=&#8221;.vc_custom_1448967644598{margin-bottom: 30px !important;}&#8221;][stm_icon_box box_bg_color=&#8221;#FFFFFF&#8221; box_text_color=&#8221;#E52B12&#8243; box_text_color_hover=&#8221;#E52B12&#8243; icon=&#8221;stm-icon-car_search&#8221; icon_color=&#8221;#232628&#8243; icon_size=&#8221;54&#8243; title=&#8221;Nuovo Camper?&#8221; line_height=&#8221;17&#8243; css_icon=&#8221;.vc_custom_1767519698673{margin-bottom: 10px !important;border-bottom-width: 5px !important;}&#8221;]E&#8217; presente un&#8217;ampia esposizione di camper ed una vasta gamma di modelli di tutte le marche e con il nostro supporto potrai soddisfare ogni tua curiosit\u00e0.<\/p>\n<p>[\/stm_icon_box][stm_icon_box box_bg_color=&#8221;#E52B12&#8243; box_text_color=&#8221;#232628&#8243; box_text_color_hover=&#8221;#000000&#8243; icon=&#8221;fas fa-shuttle-van&#8221; icon_color=&#8221;#FFFFFF&#8221; icon_size=&#8221;54&#8243; title=&#8221;Noleggio Camper&#8221; line_height=&#8221;17&#8243;]<span style=\"color: #ffffff;\">Noleggia un camper completo di ogni comfort e parti verso la montagna ed i suoi paesaggi incantevoli, al mare fra spiaggia, onde e sole o per paesi e citt\u00e0 di un&#8217;Italia Bella ovunque!<\/span>[\/stm_icon_box][\/vc_column][vc_column width=&#8221;1\/2&#8243;][stm_icon_box box_bg_color=&#8221;#E52B12&#8243; box_text_color=&#8221;#000000&#8243; box_text_color_hover=&#8221;#000000&#8243; icon=&#8221;stm-icon-diagnostic&#8221; icon_color=&#8221;#FFFFFF&#8221; title=&#8221;Ti occorre assistenza ?&#8221; line_height=&#8221;17&#8243; css_icon=&#8221;.vc_custom_1765561920701{margin-bottom: 10px !important;border-bottom-width: 5px !important;}&#8221;]<span style=\"color: #ffffff;\">La struttura dispone inoltre di un&#8217;attrezzata officina ed un magazzino ricambi che consente di ridurre al minimo il tempo di intervento, assistenza e\/o manutenzione.<\/span>[\/stm_icon_box][stm_icon_box box_bg_color=&#8221;#FFFFFF&#8221; box_text_color=&#8221;#E52B12&#8243; box_text_color_hover=&#8221;#E52B12&#8243; icon=&#8221;stm-service-icon-like_it&#8221; icon_color=&#8221;#232628&#8243; title=&#8221;Usato come Nuovo&#8221; line_height=&#8221;17&#8243;]Da Groppetti trovi sempre una grande disponibilit\u00e0 di Camper usati ed in eccellenti condizioni, tutti veicoli verificati, sanificati e sottoposti ad accurati controlli e quindi subito pronti per partire!<\/p>\n<p>[\/stm_icon_box][\/vc_column][\/vc_row][vc_row full_width=&#8221;stretch_row&#8221; css=&#8221;.vc_custom_1764758984180{margin-bottom: 2px !important;border-bottom-width: 0px !important;padding-top: 51px !important;padding-bottom: 0px !important;background-color: #f0f2f5 !important;}&#8221; el_class=&#8221;stm-adaptive-tablet-margins&#8221;][vc_column][vc_row_inner css=&#8221;.vc_custom_1448532576588{margin-bottom: 0px !important;}&#8221;][vc_column_inner][vc_custom_heading text=&#8221;PERCHE\u2019 SCEGLIERE GROPPETTI&#8221; font_container=&#8221;tag:h2|text_align:center&#8221; use_theme_fonts=&#8221;yes&#8221; css=&#8221;.vc_custom_1764699973796{margin-bottom: 23px !important;}&#8221;][\/vc_column_inner][\/vc_row_inner][vc_row_inner css=&#8221;.vc_custom_1448532584673{margin-bottom: 54px !important;}&#8221;][vc_column_inner css=&#8221;.vc_custom_1764755835927{margin-bottom: -30px !important;border-bottom-width: 0px !important;padding-bottom: 0px !important;}&#8221;][stm_color_separator color=&#8221;#E30010&#8243; css=&#8221;.vc_custom_1764755559376{margin-bottom: 0px !important;border-bottom-width: 0px !important;padding-bottom: 0px !important;}&#8221;][\/vc_column_inner][\/vc_row_inner][vc_row_inner equal_height=&#8221;yes&#8221; content_placement=&#8221;middle&#8221; css=&#8221;.vc_custom_1764756379776{margin-top: 0px !important;margin-right: 25px !important;margin-bottom: 9px !important;border-top-width: 0px !important;padding-top: 0px !important;}&#8221; el_class=&#8221;stm-icon-box-adaptive-style-three&#8221;][vc_column_inner width=&#8221;1\/4&#8243; css=&#8221;.vc_custom_1764755357896{margin-top: 0px !important;border-top-width: 0px !important;padding-top: 0px !important;}&#8221;][stm_icon_box title_holder=&#8221;h6&#8243; box_bg_color=&#8221;rgba(255,255,255,0.01)&#8221; icon=&#8221;fas fa-user-graduate&#8221; icon_color=&#8221;#E30010&#8243; title=&#8221;Professionalit\u00e0&#8221; css=&#8221;.vc_custom_1764754295216{margin-bottom: 46px !important;padding-top: 0px !important;padding-right: 0px !important;padding-bottom: 0px !important;padding-left: 29px !important;}&#8221; icon_size=&#8221;30&#8243; css_icon=&#8221;.vc_custom_1764754295216{margin-top: 4px !important;margin-right: 25px !important;}&#8221; line_height=&#8221;14&#8243;]<\/p>\n<div class=\"icon-text\">\n<div class=\"content heading-font\">\n<p>L\u2019esperienza maturata negli anni, competenza, trasparenza e\u00a0 disponibilit\u00e0\u00a0 garantiscono la professionalit\u00e0 con cui lavoriamo ogni giorno.<\/p>\n<\/div>\n<\/div>\n<p>[\/stm_icon_box][\/vc_column_inner][vc_column_inner width=&#8221;1\/4&#8243; css=&#8221;.vc_custom_1764755373968{margin-top: 0px !important;border-top-width: 0px !important;padding-top: 0px !important;}&#8221;][stm_icon_box title_holder=&#8221;h6&#8243; box_bg_color=&#8221;rgba(255,255,255,0.01)&#8221; icon=&#8221;stm-service-icon-like_it&#8221; icon_color=&#8221;#E30010&#8243; title=&#8221;Qualit\u00e0&#8221; css=&#8221;.vc_custom_1764754312900{margin-bottom: 46px !important;padding-top: 0px !important;padding-right: 0px !important;padding-bottom: 0px !important;padding-left: 18px !important;}&#8221; css_icon=&#8221;.vc_custom_1764754312900{margin-top: 0px !important;margin-right: 22px !important;}&#8221; line_height=&#8221;16&#8243; icon_size=&#8221;30&#8243;]<span style=\"color: #000000; line-height: 16px;\">L\u2019attenzione, il rispetto e la cura che rivolgiamo ad ogni Cliente ci consentono di proporre sempre la soluzione che meglio si adatta alle sue esigenze.<\/span><\/p>\n<p>[\/stm_icon_box][\/vc_column_inner][vc_column_inner width=&#8221;1\/4&#8243; css=&#8221;.vc_custom_1764755363199{margin-top: 0px !important;border-top-width: 0px !important;padding-top: 0px !important;}&#8221;][stm_icon_box title_holder=&#8221;h6&#8243; box_bg_color=&#8221;rgba(255,255,255,0.01)&#8221; icon=&#8221;fas fa-suitcase&#8221; icon_color=&#8221;#E30010&#8243; title=&#8221;Know-how&#8221; css=&#8221;.vc_custom_1764755225732{margin-bottom: 46px !important;padding-top: 0px !important;padding-right: 0px !important;padding-bottom: 0px !important;padding-left: 9px !important;}&#8221; icon_size=&#8221;30&#8243; css_icon=&#8221;.vc_custom_1764755225731{margin-top: 3px !important;margin-right: 17px !important;}&#8221; line_height=&#8221;16&#8243;]Ci aggiorniamo costantemente per affrontare le nuove sfide che il mondo propone, tecnologiche, di mercato e legislative.[\/stm_icon_box][\/vc_column_inner][vc_column_inner width=&#8221;1\/4&#8243; css=&#8221;.vc_custom_1764755391785{margin-top: 0px !important;border-top-width: 0px !important;padding-top: 0px !important;}&#8221;][stm_icon_box title_holder=&#8221;h6&#8243; box_bg_color=&#8221;rgba(255,255,255,0.01)&#8221; icon=&#8221;fas fa-door-open&#8221; icon_color=&#8221;#E30010&#8243; title=&#8221;Accoglienza&#8221; css=&#8221;.vc_custom_1764755300390{margin-bottom: 46px !important;padding-top: 0px !important;padding-right: 0px !important;padding-bottom: 0px !important;padding-left: 6px !important;}&#8221; icon_size=&#8221;30&#8243; css_icon=&#8221;.vc_custom_1764755300389{margin-top: -1px !important;margin-right: 29px !important;}&#8221; line_height=&#8221;16&#8243;]A preparazione e affidabilit\u00e0 associamo la cortesia che merita chi ci \u00e8 di fronte con la trasparenza \u201corgoglio\u201d della nostra Azienda.[\/stm_icon_box][\/vc_column_inner][\/vc_row_inner][vc_row_inner content_placement=&#8221;middle&#8221; css=&#8221;.vc_custom_1764758844473{margin-bottom: 0px !important;border-bottom-width: 0px !important;padding-bottom: 0px !important;background-image: url(https:\/\/www.groppetti.net\/camper\/2\/wp-content\/uploads\/2025\/12\/sfondo-mappa-.google.jpg?id=1854) !important;}&#8221;][vc_column_inner css=&#8221;.vc_custom_1770115026900{margin-right: 90px !important;margin-left: 90px !important;}&#8221;][vc_gmaps link=&#8221;#E-8_JTNDaWZyYW1lJTIwc3JjJTNEJTIyaHR0cHMlM0ElMkYlMkZ3d3cuZ29vZ2xlLmNvbSUyRm1hcHMlMkZlbWJlZCUzRnBiJTNEJTIxMW0xOCUyMTFtMTIlMjExbTMlMjExZDE4NjEuOTAwNTYwODAyOTM2MyUyMTJkOS44NDIxNzk5NjIzODA2NTMlMjEzZDQ1LjYzNjc4NzgwNzk2OTQ5JTIxMm0zJTIxMWYwJTIxMmYwJTIxM2YwJTIxM20yJTIxMWkxMDI0JTIxMmk3NjglMjE0ZjEzLjElMjEzbTMlMjExbTIlMjExczB4NDc4MTVjZDA3MDIzNmUxYiUyNTNBMHg2MWUyYzlhMjUxYWViYzE2JTIxMnNHcm9wcGV0dGklMjUyMENhbXBlciUyMTVlMCUyMTNtMiUyMTFzaXQlMjEyc2l0JTIxNHYxNzY0NzU2MTIyODE0JTIxNW0yJTIxMXNpdCUyMTJzaXQlMjIlMjB3aWR0aCUzRCUyMjEyMDAlMjIlMjBoZWlnaHQlM0QlMjIzOTAlMjIlMjBzdHlsZSUzRCUyMmJvcmRlciUzQTAlM0IlMjIlMjBhbGxvd2Z1bGxzY3JlZW4lM0QlMjIlMjIlMjBsb2FkaW5nJTNEJTIybGF6eSUyMiUyMHJlZmVycmVycG9saWN5JTNEJTIybm8tcmVmZXJyZXItd2hlbi1kb3duZ3JhZGUlMjIlM0UlM0MlMkZpZnJhbWUlM0U=&#8221; css=&#8221;.vc_custom_1770114594038{margin-top: 50px !important;margin-bottom: 50px !important;}&#8221;][\/vc_column_inner][\/vc_row_inner][\/vc_column][\/vc_row]<\/p>\n<\/div>","protected":false},"excerpt":{"rendered":"<p>[vc_row css=&#8221;.vc_custom_1767001410669{margin-bottom: 0px !important;border-bottom-width: 0px !important;padding-bottom: 0px !important;}&#8221; el_class=&#8221;stm-slider-nice-height&#8221;][vc_column css=&#8221;.vc_custom_1770107631585{margin-bottom: 0px !important;border-bottom-width: 0px !important;padding-bottom: 0px !important;}&#8221;][rev_slider_vc alias=&#8221;slide-pc2-1&#8243;][\/vc_column][\/vc_row][vc_section css=&#8221;.vc_custom_1767610779450{margin-top: -120px !important;border-top-width: 0px !important;padding-top: 0px !important;}&#8221;][vc_row][vc_column offset=&#8221;vc_hidden-lg vc_hidden-md&#8221;][vc_empty_space height=&#8221;250px&#8221;][\/vc_column][\/vc_row][vc_row css=&#8221;.vc_custom_1770104574436{margin-top: 0px !important;border-top-width: 0px !important;padding-top: 0px !important;}&#8221;][vc_column offset=&#8221;vc_hidden-sm vc_hidden-xs&#8221;][vc_raw_html css=&#8221;.vc_custom_1767002056510{margin-top: -30px !important;margin-right: 56px !important;margin-bottom: 0px !important;margin-left: 55px !important;border-top-width: 0px !important;border-bottom-width: 0px !important;padding-top: -45px !important;padding-bottom: 0px !important;}&#8221;]JTVCdDRiLXRpY2tlciU1RA==[\/vc_raw_html][\/vc_column][\/vc_row][\/vc_section][vc_row full_width=&#8221;stretch_row&#8221; gap=&#8221;35&#8243;&#8230;<\/p>\n","protected":false},"author":1,"featured_media":0,"parent":0,"menu_order":0,"comment_status":"closed","ping_status":"closed","template":"","meta":{"footnotes":""},"class_list":["post-1360","page","type-page","status-publish","hentry"],"_links":{"self":[{"href":"https:\/\/www.groppetti.net\/camper\/2\/wp-json\/wp\/v2\/pages\/1360","targetHints":{"allow":["GET"]}}],"collection":[{"href":"https:\/\/www.groppetti.net\/camper\/2\/wp-json\/wp\/v2\/pages"}],"about":[{"href":"https:\/\/www.groppetti.net\/camper\/2\/wp-json\/wp\/v2\/types\/page"}],"author":[{"embeddable":true,"href":"https:\/\/www.groppetti.net\/camper\/2\/wp-json\/wp\/v2\/users\/1"}],"replies":[{"embeddable":true,"href":"https:\/\/www.groppetti.net\/camper\/2\/wp-json\/wp\/v2\/comments?post=1360"}],"version-history":[{"count":391,"href":"https:\/\/www.groppetti.net\/camper\/2\/wp-json\/wp\/v2\/pages\/1360\/revisions"}],"predecessor-version":[{"id":4901,"href":"https:\/\/www.groppetti.net\/camper\/2\/wp-json\/wp\/v2\/pages\/1360\/revisions\/4901"}],"wp:attachment":[{"href":"https:\/\/www.groppetti.net\/camper\/2\/wp-json\/wp\/v2\/media?parent=1360"}],"curies":[{"name":"wp","href":"https:\/\/api.w.org\/{rel}","templated":true}]}}